{"id":215,"date":"2025-10-03T14:05:46","date_gmt":"2025-10-03T12:05:46","guid":{"rendered":"https:\/\/www.pilates-et-moi.ch\/tarifs\/"},"modified":"2025-10-13T13:37:40","modified_gmt":"2025-10-13T11:37:40","slug":"prices","status":"publish","type":"page","link":"https:\/\/www.pilates-et-moi.ch\/en\/prices\/","title":{"rendered":"prices"},"content":{"rendered":"<div class=\"wpb-content-wrapper\"><p>[vc_row full_width=&#8221;stretch_row_content&#8221; el_class=&#8221;header-container&#8221;][vc_column]<div class='header-page' style='background-image: url(https:\/\/www.pilates-et-moi.ch\/wp-content\/uploads\/2025\/10\/header-tarifs.jpg)'><\/div>[\/vc_column][\/vc_row][vc_row el_class=&#8221;pt-0&#8243;][vc_column]<div class='title'><div class='title__inner'>prices<\/div><div class='title__line'><\/div><\/div>[vc_row_inner][vc_column_inner el_class=&#8221;d-flex-center&#8221; width=&#8221;1\/3&#8243;]<div class='tarif gray'><div class='tarif-title'>D\u00e9couverte <sup>(*)<\/sup><\/div><div class='tarif-number'>1<\/div><div class='tarif-price'>CHF 25<\/div><div class='tarif-price_unit'><\/div><div class='tarif-condition'><\/div><div class='tarif-validity'><h3>Validit\u00e9<\/h3>4 mois \u00e0 compter de la date de paiement<\/div><div class='tarif-button'><a href='https:\/\/clients.mindbodyonline.com\/classic\/ws?studioid=12597&amp;stype=41&amp;sTG=22&amp;prodId=66' target='_blank'>Acheter<\/a><\/div><\/div>[\/vc_column_inner][vc_column_inner el_class=&#8221;d-flex-center&#8221; width=&#8221;1\/3&#8243;]<div class='tarif '><div class='tarif-title'>1 cours<\/div><div class='tarif-number'>1<\/div><div class='tarif-price'>CHF 50<\/div><div class='tarif-price_unit'><\/div><div class='tarif-condition'><\/div><div class='tarif-validity'><h3>Validit\u00e9<\/h3>4 mois \u00e0 compter de la date de paiement<\/div><div class='tarif-button'><a href='https:\/\/clients.mindbodyonline.com\/classic\/ws?studioid=12597&amp;stype=41&amp;sTG=22&amp;prodId=64' target='_blank'>Acheter<\/a><\/div><\/div>[\/vc_column_inner][vc_column_inner el_class=&#8221;d-flex-center&#8221; width=&#8221;1\/3&#8243;]<div class='tarif '><div class='tarif-title'>5 cours<\/div><div class='tarif-number'>5<\/div><div class='tarif-price'>CHF 235<\/div><div class='tarif-price_unit'>(CHF 47 \/ cours)<\/div><div class='tarif-condition'><\/div><div class='tarif-validity'><h3>Validit\u00e9<\/h3>4 mois \u00e0 compter de la date de paiement<\/div><div class='tarif-button'><a href='https:\/\/clients.mindbodyonline.com\/classic\/ws?studioid=12597&amp;stype=41&amp;sTG=22&amp;prodId=158' target='_blank'>Acheter<\/a><\/div><\/div>[\/vc_column_inner][\/vc_row_inner][vc_row_inner][vc_column_inner el_class=&#8221;d-flex-center&#8221; width=&#8221;1\/3&#8243;]<div class='tarif '><div class='tarif-title'>10 cours<\/div><div class='tarif-number'>10<\/div><div class='tarif-price'>CHF 450<\/div><div class='tarif-price_unit'>(CHF 45 \/ cours)<\/div><div class='tarif-condition'><\/div><div class='tarif-validity'><h3>Validit\u00e9<\/h3>4 mois \u00e0 compter de la date de paiement<\/div><div class='tarif-button'><a href='https:\/\/clients.mindbodyonline.com\/classic\/ws?studioid=12597&amp;stype=41&amp;sTG=22&amp;prodId=63' target='_blank'>Acheter<\/a><\/div><\/div>[\/vc_column_inner][vc_column_inner el_class=&#8221;d-flex-center&#8221; width=&#8221;1\/3&#8243;]<div class='tarif '><div class='tarif-title'>20 cours<\/div><div class='tarif-number'>20<\/div><div class='tarif-price'>CHF 810<\/div><div class='tarif-price_unit'>(CHF 40.50 \/ cours)<\/div><div class='tarif-condition'><\/div><div class='tarif-validity'><h3>Validit\u00e9<\/h3>6 mois \u00e0 compter de la date de paiement<\/div><div class='tarif-button'><a href='https:\/\/clients.mindbodyonline.com\/classic\/ws?studioid=12597&amp;stype=41&amp;sTG=22&amp;prodId=94' target='_blank'>Acheter<\/a><\/div><\/div>[\/vc_column_inner][vc_column_inner el_class=&#8221;d-flex-center&#8221; width=&#8221;1\/3&#8243;]<div class='tarif gray'><div class='tarif-title'>1 mois illimit\u00e9 <sup>(**)<\/sup><\/div><div class='tarif-number'>1<\/div><div class='tarif-price'>CHF 450<\/div><div class='tarif-price_unit'>(CHF 37.50 \/ cours)<\/div><div class='tarif-condition'>si 3x par semaine par ex.<\/div><div class='tarif-validity'><h3>Validit\u00e9<\/h3>1 mois \u00e0 compter du 1er cours pris sur l\u2019abonnement<\/div><div class='tarif-button'><a href='https:\/\/clients.mindbodyonline.com\/classic\/ws?studioid=12597&amp;stype=41&amp;sTG=22&amp;prodId=132' target='_blank'>Acheter<\/a><\/div><\/div>[\/vc_column_inner][\/vc_row_inner][\/vc_column][\/vc_row][vc_row el_class=&#8221;pt-0&#8243;][vc_column][vc_column_text css=&#8221;&#8221;]<\/p>\n<h3><strong>CONTACTEZ-NOUS POUR TOUTE DEMANDE DE COURS PRIV\u00c9S<\/strong><\/h3>\n<p class=\"b-content__tarifs-text\">TVA incluse. Seuls les tarifs sur notre site internet <a href=\"http:\/\/www.pilates-et-moi.ch\" target=\"_blank\" rel=\"noopener\">www.pilates-et-moi.ch<\/a> font foi.<\/p>\n<p>(*) Offre d\u00e9couverte. Valable 1 seule fois par personne.<\/p>\n<p><strong>Frais pour annulations tardives<\/strong><br \/>\nUne r\u00e9servation peut \u00eatre annul\u00e9e moyennant pr\u00e9avis de 24 heures au moins. En cas d\u2019annulation faite sans observer ce d\u00e9lai, ou de non-participation \u00e0 un cours r\u00e9serv\u00e9, le prix du cours sera factur\u00e9 \/ (**) des frais de CHF 35 seront factur\u00e9s.<\/p>\n<p>&nbsp;<\/p>\n<h2 class=\"b-content__tarifs-title\">Bons cadeaux disponibles sur demande et en ligne sous <a href=\"https:\/\/clients.mindbodyonline.com\/classic\/ws?studioid=12597&amp;stype=42\" target=\"_blank\" rel=\"noopener\">\u00abCartes cadeaux\u00bb<\/a>.<\/h2>\n<h2 class=\"b-content__tarifs-title\">Recommandez une nouvelle personne qui ach\u00e8te un abonnement et nous vous offrons un cours collectif en guise de remerciement.<\/h2>\n<p>[\/vc_column_text][vc_row_inner][vc_column_inner width=&#8221;1\/4&#8243;][vc_single_image image=&#8221;213&#8243; alignment=&#8221;center&#8221; css=&#8221;&#8221;][\/vc_column_inner][vc_column_inner width=&#8221;3\/4&#8243;][vc_column_text css=&#8221;&#8221;]Rembours\u00e9 enti\u00e8rement ou partiellement par l\u2019assurance compl\u00e9mentaire de votre caisse maladie.<br \/>\nRenseignez-vous directement aupr\u00e8s de votre caisse.[\/vc_column_text][\/vc_column_inner][\/vc_row_inner][\/vc_column][\/vc_row]<\/p>\n<\/div>","protected":false},"excerpt":{"rendered":"<p>[vc_row full_width=&#8221;stretch_row_content&#8221; el_class=&#8221;header-container&#8221;][vc_column][\/vc_column][\/vc_row][vc_row el_class=&#8221;pt-0&#8243;][vc_column][vc_row_inner][vc_column_inner el_class=&#8221;d-flex-center&#8221; width=&#8221;1\/3&#8243;][\/vc_column_inner][vc_column_inner el_class=&#8221;d-flex-center&#8221; width=&#8221;1\/3&#8243;][\/vc_column_inner][vc_column_inner el_class=&#8221;d-flex-center&#8221; width=&#8221;1\/3&#8243;][\/vc_column_inner][\/vc_row_inner][vc_row_inner][vc_column_inner el_class=&#8221;d-flex-center&#8221; width=&#8221;1\/3&#8243;][\/vc_column_inner][vc_column_inner el_class=&#8221;d-flex-center&#8221; width=&#8221;1\/3&#8243;][\/vc_column_inner][vc_column_inner el_class=&#8221;d-flex-center&#8221; width=&#8221;1\/3&#8243;][\/vc_column_inner][\/vc_row_inner][\/vc_column][\/vc_row][vc_row el_class=&#8221;pt-0&#8243;][vc_column][vc_column_text css=&#8221;&#8221;] CONTACTEZ-NOUS POUR TOUTE DEMANDE DE COURS PRIV\u00c9S TVA incluse. Seuls les tarifs sur notre site internet www.pilates-et-moi.ch font foi. (*) Offre d\u00e9couverte. Valable 1 seule fois par personne. Frais pour annulations tardives Une r\u00e9servation peut \u00eatre annul\u00e9e [&hellip;]<\/p>\n","protected":false},"author":1,"featured_media":0,"parent":0,"menu_order":3,"comment_status":"closed","ping_status":"closed","template":"","meta":{"_acf_changed":false,"footnotes":""},"class_list":["post-215","page","type-page","status-publish","hentry"],"acf":[],"yoast_head":"<!-- This site is optimized with the Yoast SEO plugin v27.1.1 - https:\/\/yoast.com\/product\/yoast-seo-wordpress\/ -->\n<title>prices | pilates&amp;moi<\/title>\n<meta name=\"description\" content=\"Prices at pilates&amp;moi: flexible packages tailored to your needs. Discover our prices for group classes, private lessons and memberships.\" \/>\n<meta name=\"robots\" content=\"index, follow, max-snippet:-1, max-image-preview:large, max-video-preview:-1\" \/>\n<link rel=\"canonical\" href=\"https:\/\/www.pilates-et-moi.ch\/en\/prices\/\" \/>\n<meta property=\"og:locale\" content=\"en_US\" \/>\n<meta property=\"og:type\" content=\"article\" \/>\n<meta property=\"og:title\" content=\"prices | pilates&amp;moi\" \/>\n<meta property=\"og:description\" content=\"Prices at pilates&amp;moi: flexible packages tailored to your needs. Discover our prices for group classes, private lessons and memberships.\" \/>\n<meta property=\"og:url\" content=\"https:\/\/www.pilates-et-moi.ch\/en\/prices\/\" \/>\n<meta property=\"og:site_name\" content=\"pilates&amp;moi\" \/>\n<meta property=\"article:publisher\" content=\"https:\/\/www.facebook.com\/pages\/Pilatesmoi\/150916641614806?fref=ts\" \/>\n<meta property=\"article:modified_time\" content=\"2025-10-13T11:37:40+00:00\" \/>\n<meta property=\"og:image\" content=\"https:\/\/www.pilates-et-moi.ch\/wp-content\/uploads\/2025\/10\/LOGO_Pilates-et-moi_DEF-1.jpg\" \/>\n\t<meta property=\"og:image:width\" content=\"1200\" \/>\n\t<meta property=\"og:image:height\" content=\"675\" \/>\n\t<meta property=\"og:image:type\" content=\"image\/jpeg\" \/>\n<meta name=\"twitter:card\" content=\"summary_large_image\" \/>\n<meta name=\"twitter:label1\" content=\"Est. reading time\" \/>\n\t<meta name=\"twitter:data1\" content=\"2 minutes\" \/>\n<script type=\"application\/ld+json\" class=\"yoast-schema-graph\">{\"@context\":\"https:\/\/schema.org\",\"@graph\":[{\"@type\":\"WebPage\",\"@id\":\"https:\/\/www.pilates-et-moi.ch\/en\/prices\/\",\"url\":\"https:\/\/www.pilates-et-moi.ch\/en\/prices\/\",\"name\":\"prices | pilates&amp;moi\",\"isPartOf\":{\"@id\":\"https:\/\/www.pilates-et-moi.ch\/en\/#website\"},\"datePublished\":\"2025-10-03T12:05:46+00:00\",\"dateModified\":\"2025-10-13T11:37:40+00:00\",\"description\":\"Prices at pilates&moi: flexible packages tailored to your needs. Discover our prices for group classes, private lessons and memberships.\",\"breadcrumb\":{\"@id\":\"https:\/\/www.pilates-et-moi.ch\/en\/prices\/#breadcrumb\"},\"inLanguage\":\"en-US\",\"potentialAction\":[{\"@type\":\"ReadAction\",\"target\":[\"https:\/\/www.pilates-et-moi.ch\/en\/prices\/\"]}]},{\"@type\":\"BreadcrumbList\",\"@id\":\"https:\/\/www.pilates-et-moi.ch\/en\/prices\/#breadcrumb\",\"itemListElement\":[{\"@type\":\"ListItem\",\"position\":1,\"name\":\"Accueil\",\"item\":\"https:\/\/www.pilates-et-moi.ch\/en\/\"},{\"@type\":\"ListItem\",\"position\":2,\"name\":\"prices\"}]},{\"@type\":\"WebSite\",\"@id\":\"https:\/\/www.pilates-et-moi.ch\/en\/#website\",\"url\":\"https:\/\/www.pilates-et-moi.ch\/en\/\",\"name\":\"pilates&moi\",\"description\":\"Reformer Training\",\"publisher\":{\"@id\":\"https:\/\/www.pilates-et-moi.ch\/en\/#organization\"},\"alternateName\":\"pilates&moi\",\"potentialAction\":[{\"@type\":\"SearchAction\",\"target\":{\"@type\":\"EntryPoint\",\"urlTemplate\":\"https:\/\/www.pilates-et-moi.ch\/en\/?s={search_term_string}\"},\"query-input\":{\"@type\":\"PropertyValueSpecification\",\"valueRequired\":true,\"valueName\":\"search_term_string\"}}],\"inLanguage\":\"en-US\"},{\"@type\":\"Organization\",\"@id\":\"https:\/\/www.pilates-et-moi.ch\/en\/#organization\",\"name\":\"pilates&moi\",\"alternateName\":\"pilates&moi\",\"url\":\"https:\/\/www.pilates-et-moi.ch\/en\/\",\"logo\":{\"@type\":\"ImageObject\",\"inLanguage\":\"en-US\",\"@id\":\"https:\/\/www.pilates-et-moi.ch\/en\/#\/schema\/logo\/image\/\",\"url\":\"https:\/\/www.pilates-et-moi.ch\/wp-content\/uploads\/2025\/10\/LOGO_Pilates-et-moi_696x696px-1.jpg\",\"contentUrl\":\"https:\/\/www.pilates-et-moi.ch\/wp-content\/uploads\/2025\/10\/LOGO_Pilates-et-moi_696x696px-1.jpg\",\"width\":696,\"height\":696,\"caption\":\"pilates&moi\"},\"image\":{\"@id\":\"https:\/\/www.pilates-et-moi.ch\/en\/#\/schema\/logo\/image\/\"},\"sameAs\":[\"https:\/\/www.facebook.com\/pages\/Pilatesmoi\/150916641614806?fref=ts\",\"https:\/\/www.instagram.com\/pilatesetmoi\/\"]}]}<\/script>\n<!-- \/ Yoast SEO plugin. -->","yoast_head_json":{"title":"prices | pilates&amp;moi","description":"Prices at pilates&moi: flexible packages tailored to your needs. Discover our prices for group classes, private lessons and memberships.","robots":{"index":"index","follow":"follow","max-snippet":"max-snippet:-1","max-image-preview":"max-image-preview:large","max-video-preview":"max-video-preview:-1"},"canonical":"https:\/\/www.pilates-et-moi.ch\/en\/prices\/","og_locale":"en_US","og_type":"article","og_title":"prices | pilates&amp;moi","og_description":"Prices at pilates&moi: flexible packages tailored to your needs. Discover our prices for group classes, private lessons and memberships.","og_url":"https:\/\/www.pilates-et-moi.ch\/en\/prices\/","og_site_name":"pilates&amp;moi","article_publisher":"https:\/\/www.facebook.com\/pages\/Pilatesmoi\/150916641614806?fref=ts","article_modified_time":"2025-10-13T11:37:40+00:00","og_image":[{"width":1200,"height":675,"url":"https:\/\/www.pilates-et-moi.ch\/wp-content\/uploads\/2025\/10\/LOGO_Pilates-et-moi_DEF-1.jpg","type":"image\/jpeg"}],"twitter_card":"summary_large_image","twitter_misc":{"Est. reading time":"2 minutes"},"schema":{"@context":"https:\/\/schema.org","@graph":[{"@type":"WebPage","@id":"https:\/\/www.pilates-et-moi.ch\/en\/prices\/","url":"https:\/\/www.pilates-et-moi.ch\/en\/prices\/","name":"prices | pilates&amp;moi","isPartOf":{"@id":"https:\/\/www.pilates-et-moi.ch\/en\/#website"},"datePublished":"2025-10-03T12:05:46+00:00","dateModified":"2025-10-13T11:37:40+00:00","description":"Prices at pilates&moi: flexible packages tailored to your needs. Discover our prices for group classes, private lessons and memberships.","breadcrumb":{"@id":"https:\/\/www.pilates-et-moi.ch\/en\/prices\/#breadcrumb"},"inLanguage":"en-US","potentialAction":[{"@type":"ReadAction","target":["https:\/\/www.pilates-et-moi.ch\/en\/prices\/"]}]},{"@type":"BreadcrumbList","@id":"https:\/\/www.pilates-et-moi.ch\/en\/prices\/#breadcrumb","itemListElement":[{"@type":"ListItem","position":1,"name":"Accueil","item":"https:\/\/www.pilates-et-moi.ch\/en\/"},{"@type":"ListItem","position":2,"name":"prices"}]},{"@type":"WebSite","@id":"https:\/\/www.pilates-et-moi.ch\/en\/#website","url":"https:\/\/www.pilates-et-moi.ch\/en\/","name":"pilates&moi","description":"Reformer Training","publisher":{"@id":"https:\/\/www.pilates-et-moi.ch\/en\/#organization"},"alternateName":"pilates&moi","potentialAction":[{"@type":"SearchAction","target":{"@type":"EntryPoint","urlTemplate":"https:\/\/www.pilates-et-moi.ch\/en\/?s={search_term_string}"},"query-input":{"@type":"PropertyValueSpecification","valueRequired":true,"valueName":"search_term_string"}}],"inLanguage":"en-US"},{"@type":"Organization","@id":"https:\/\/www.pilates-et-moi.ch\/en\/#organization","name":"pilates&moi","alternateName":"pilates&moi","url":"https:\/\/www.pilates-et-moi.ch\/en\/","logo":{"@type":"ImageObject","inLanguage":"en-US","@id":"https:\/\/www.pilates-et-moi.ch\/en\/#\/schema\/logo\/image\/","url":"https:\/\/www.pilates-et-moi.ch\/wp-content\/uploads\/2025\/10\/LOGO_Pilates-et-moi_696x696px-1.jpg","contentUrl":"https:\/\/www.pilates-et-moi.ch\/wp-content\/uploads\/2025\/10\/LOGO_Pilates-et-moi_696x696px-1.jpg","width":696,"height":696,"caption":"pilates&moi"},"image":{"@id":"https:\/\/www.pilates-et-moi.ch\/en\/#\/schema\/logo\/image\/"},"sameAs":["https:\/\/www.facebook.com\/pages\/Pilatesmoi\/150916641614806?fref=ts","https:\/\/www.instagram.com\/pilatesetmoi\/"]}]}},"_links":{"self":[{"href":"https:\/\/www.pilates-et-moi.ch\/en\/wp-json\/wp\/v2\/pages\/215","targetHints":{"allow":["GET"]}}],"collection":[{"href":"https:\/\/www.pilates-et-moi.ch\/en\/wp-json\/wp\/v2\/pages"}],"about":[{"href":"https:\/\/www.pilates-et-moi.ch\/en\/wp-json\/wp\/v2\/types\/page"}],"author":[{"embeddable":true,"href":"https:\/\/www.pilates-et-moi.ch\/en\/wp-json\/wp\/v2\/users\/1"}],"replies":[{"embeddable":true,"href":"https:\/\/www.pilates-et-moi.ch\/en\/wp-json\/wp\/v2\/comments?post=215"}],"version-history":[{"count":3,"href":"https:\/\/www.pilates-et-moi.ch\/en\/wp-json\/wp\/v2\/pages\/215\/revisions"}],"predecessor-version":[{"id":218,"href":"https:\/\/www.pilates-et-moi.ch\/en\/wp-json\/wp\/v2\/pages\/215\/revisions\/218"}],"wp:attachment":[{"href":"https:\/\/www.pilates-et-moi.ch\/en\/wp-json\/wp\/v2\/media?parent=215"}],"curies":[{"name":"wp","href":"https:\/\/api.w.org\/{rel}","templated":true}]}}